{"id":9,"date":"2020-06-06T08:28:30","date_gmt":"2020-06-06T08:28:30","guid":{"rendered":"http:\/\/altstadt-apartment.com\/?page_id=9"},"modified":"2020-06-06T14:45:51","modified_gmt":"2020-06-06T14:45:51","slug":"anreise","status":"publish","type":"page","link":"https:\/\/altstadt-apartment.com\/?page_id=9","title":{"rendered":"Anreise"},"content":{"rendered":"\n<p>Die Ferienwohnung kann sowohl mit der Bahn als auch mit mit dem Auto errreicht werden. Der Bahnhof Goslar befindet sich etwa 15 Gehminuten von der Wohnung entfernt. <\/p>\n\n\n\n<iframe loading=\"lazy\" src=\"https:\/\/www.google.com\/maps\/embed?pb=!1m18!1m12!1m3!1d2461.679471245949!2d10.428711316007144!3d51.90331328949866!2m3!1f0!2f0!3f0!3m2!1i1024!2i768!4f13.1!3m3!1m2!1s0x47a5409cb1dd8e3b%3A0xc203cf93a37db915!2sDorothea-Borchers-Stra%C3%9Fe%204%2C%2038640%20Goslar!5e0!3m2!1sde!2sde!4v1591443775241!5m2!1sde!2sde\" style=\"border:0;\" allowfullscreen=\"\" aria-hidden=\"false\" tabindex=\"0\" width=\"600\" height=\"450\" frameborder=\"0\"><\/iframe>\n\n\n\n<p>Parkm\u00f6glichkeiten: <br>Direkt vor dem Haus befinden sich Anwohnerparkpl\u00e4tze. Bei Bedarf k\u00f6nnen G\u00e4ste eine hierf\u00fcr g\u00fcltige Parkkarte erhalten.  <\/p>\n\n\n\n<p><\/p>\n\n\n\n<p><\/p>\n","protected":false},"excerpt":{"rendered":"<p>Die Ferienwohnung kann sowohl mit der Bahn als auch mit mit dem Auto errreicht werden. Der Bahnhof Goslar befindet sich etwa 15 Gehminuten von der Wohnung entfernt. Parkm\u00f6glichkeiten: Direkt vor dem Haus befinden sich Anwohnerparkpl\u00e4tze. Bei Bedarf k\u00f6nnen G\u00e4ste eine hierf\u00fcr g\u00fcltige Parkkarte erhalten.<\/p>\n","protected":false},"author":1,"featured_media":0,"parent":0,"menu_order":0,"comment_status":"closed","ping_status":"closed","template":"","meta":{"footnotes":""},"class_list":["post-9","page","type-page","status-publish","hentry"],"_links":{"self":[{"href":"https:\/\/altstadt-apartment.com\/index.php?rest_route=\/wp\/v2\/pages\/9"}],"collection":[{"href":"https:\/\/altstadt-apartment.com\/index.php?rest_route=\/wp\/v2\/pages"}],"about":[{"href":"https:\/\/altstadt-apartment.com\/index.php?rest_route=\/wp\/v2\/types\/page"}],"author":[{"embeddable":true,"href":"https:\/\/altstadt-apartment.com\/index.php?rest_route=\/wp\/v2\/users\/1"}],"replies":[{"embeddable":true,"href":"https:\/\/altstadt-apartment.com\/index.php?rest_route=%2Fwp%2Fv2%2Fcomments&post=9"}],"version-history":[{"count":4,"href":"https:\/\/altstadt-apartment.com\/index.php?rest_route=\/wp\/v2\/pages\/9\/revisions"}],"predecessor-version":[{"id":117,"href":"https:\/\/altstadt-apartment.com\/index.php?rest_route=\/wp\/v2\/pages\/9\/revisions\/117"}],"wp:attachment":[{"href":"https:\/\/altstadt-apartment.com\/index.php?rest_route=%2Fwp%2Fv2%2Fmedia&parent=9"}],"curies":[{"name":"wp","href":"https:\/\/api.w.org\/{rel}","templated":true}]}}